{"id":70,"date":"2023-01-26T23:39:06","date_gmt":"2023-01-26T23:39:06","guid":{"rendered":"https:\/\/loftresinas.com.br\/?post_type=product&#038;p=70"},"modified":"2023-01-26T22:04:42","modified_gmt":"2023-01-27T01:04:42","slug":"chaveiro-letra-h-com-tessel-rosa","status":"publish","type":"product","link":"https:\/\/loftresinas.com.br\/?product=chaveiro-letra-h-com-tessel-rosa","title":{"rendered":"Chaveiro de Resina Letra H com Tessel Rosa"},"content":{"rendered":"<p>Lindo chaveiro letra de Resina Ep\u00f3xi com detalhes em gliter com flores, acompanha corrente dourada e tessel rosa de 7 cm. Perfeito para decorar bolsas, chaveiros e demais acess\u00f3rios.<\/p>\n<p>Case deseje personalizar chama um de nossos vendedores no WhatsApp para informar quais caracter\u00edsticas deve ter a sua pe\u00e7a.<\/p>\n<p>Abaixo o que voc\u00ea pode personalizar:<\/p>\n<ul>\n<li>Cor da Corrente: Dourada ou Prata;<\/li>\n<li>Cor do Tessel: verificar com o vendedor as cores dispon\u00edveis;<\/li>\n<li>Escolher nome personalizado na pe\u00e7a;<\/li>\n<li>Pode colocar fecho lagosta;<\/li>\n<li>Cor da Pe\u00e7a;<\/li>\n<li>Colocar o nome com missangas na corrente;<\/li>\n<li>Itens dentro da pe\u00e7a.<\/li>\n<\/ul>\n<p>Por ser trata de pe\u00e7as \u00fanicas n\u00e3o tem como elas ficarem id\u00eanticas e sim parecidas com as da foto.<\/p>\n<p>Ao personalizar sua pe\u00e7a e escolher os itens que deseja adicionar a ela o valor final da pe\u00e7a pode sofrer varia\u00e7\u00e3o.<\/p>\n","protected":false},"excerpt":{"rendered":"<p>Lindo chaveiro letra de Resina Ep\u00f3xi com detalhes em gliter com flores, acompanha corrente dourada e tessel rosa de 7 cm. Perfeito para decorar bolsas, chaveiros e demais acess\u00f3rios. Case deseje personalizar chama um de nossos vendedores no WhatsApp para informar quais caracter\u00edsticas deve ter a sua pe\u00e7a. Abaixo o que voc\u00ea pode personalizar: Cor [&hellip;]<\/p>\n","protected":false},"featured_media":72,"comment_status":"open","ping_status":"closed","template":"","meta":[],"product_cat":[18],"product_tag":[],"class_list":{"0":"post-70","1":"product","2":"type-product","3":"status-publish","4":"has-post-thumbnail","6":"product_cat-chaveiros","8":"entry","9":"has-media","11":"first","12":"instock","13":"sale","14":"shipping-taxable","15":"purchasable","16":"product-type-simple","17":"has-product-nav","18":"col","19":"span_1_of_3","20":"owp-content-center","21":"owp-thumbs-layout-horizontal","22":"owp-btn-normal","23":"owp-tabs-layout-horizontal","24":"has-no-thumbnails","26":"circle-sale"},"yoast_head":"<!-- This site is optimized with the Yoast SEO plugin v20.0 - https:\/\/yoast.com\/wordpress\/plugins\/seo\/ -->\n<title>Chaveiro de Resina Letra H com Tessel Rosa - Loft Resinas<\/title>\n<meta name=\"robots\" content=\"index, follow, max-snippet:-1, max-image-preview:large, max-video-preview:-1\" \/>\n<link rel=\"canonical\" href=\"https:\/\/loftresinas.com.br\/?product=chaveiro-letra-h-com-tessel-rosa\" \/>\n<meta property=\"og:locale\" content=\"pt_BR\" \/>\n<meta property=\"og:type\" content=\"article\" \/>\n<meta property=\"og:title\" content=\"Chaveiro de Resina Letra H com Tessel Rosa - Loft Resinas\" \/>\n<meta property=\"og:description\" content=\"Lindo chaveiro letra de Resina Ep\u00f3xi com detalhes em gliter com flores, acompanha corrente dourada e tessel rosa de 7 cm. Perfeito para decorar bolsas, chaveiros e demais acess\u00f3rios. Case deseje personalizar chama um de nossos vendedores no WhatsApp para informar quais caracter\u00edsticas deve ter a sua pe\u00e7a. Abaixo o que voc\u00ea pode personalizar: Cor [&hellip;]\" \/>\n<meta property=\"og:url\" content=\"https:\/\/loftresinas.com.br\/?product=chaveiro-letra-h-com-tessel-rosa\" \/>\n<meta property=\"og:site_name\" content=\"Loft Resinas\" \/>\n<meta property=\"article:modified_time\" content=\"2023-01-27T01:04:42+00:00\" \/>\n<meta property=\"og:image\" content=\"https:\/\/loftresinas.com.br\/wp-content\/uploads\/2023\/01\/H0-scaled-e1674776550321.jpg\" \/>\n\t<meta property=\"og:image:width\" content=\"1760\" \/>\n\t<meta property=\"og:image:height\" content=\"1708\" \/>\n\t<meta property=\"og:image:type\" content=\"image\/jpeg\" \/>\n<meta name=\"twitter:card\" content=\"summary_large_image\" \/>\n<meta name=\"twitter:label1\" content=\"Est. tempo de leitura\" \/>\n\t<meta name=\"twitter:data1\" content=\"1 minuto\" \/>\n<script type=\"application\/ld+json\" class=\"yoast-schema-graph\">{\"@context\":\"https:\/\/schema.org\",\"@graph\":[{\"@type\":\"WebPage\",\"@id\":\"https:\/\/loftresinas.com.br\/?product=chaveiro-letra-h-com-tessel-rosa\",\"url\":\"https:\/\/loftresinas.com.br\/?product=chaveiro-letra-h-com-tessel-rosa\",\"name\":\"Chaveiro de Resina Letra H com Tessel Rosa - Loft Resinas\",\"isPartOf\":{\"@id\":\"https:\/\/loftresinas.com.br\/#website\"},\"datePublished\":\"2023-01-26T23:39:06+00:00\",\"dateModified\":\"2023-01-27T01:04:42+00:00\",\"breadcrumb\":{\"@id\":\"https:\/\/loftresinas.com.br\/?product=chaveiro-letra-h-com-tessel-rosa#breadcrumb\"},\"inLanguage\":\"pt-BR\",\"potentialAction\":[{\"@type\":\"ReadAction\",\"target\":[\"https:\/\/loftresinas.com.br\/?product=chaveiro-letra-h-com-tessel-rosa\"]}]},{\"@type\":\"BreadcrumbList\",\"@id\":\"https:\/\/loftresinas.com.br\/?product=chaveiro-letra-h-com-tessel-rosa#breadcrumb\",\"itemListElement\":[{\"@type\":\"ListItem\",\"position\":1,\"name\":\"In\u00edcio\",\"item\":\"https:\/\/loftresinas.com.br\/\"},{\"@type\":\"ListItem\",\"position\":2,\"name\":\"Loja\",\"item\":\"https:\/\/loftresinas.com.br\/\"},{\"@type\":\"ListItem\",\"position\":3,\"name\":\"Chaveiro de Resina Letra H com Tessel Rosa\"}]},{\"@type\":\"WebSite\",\"@id\":\"https:\/\/loftresinas.com.br\/#website\",\"url\":\"https:\/\/loftresinas.com.br\/\",\"name\":\"Loft Resinas\",\"description\":\"Arte em Resinas\",\"publisher\":{\"@id\":\"https:\/\/loftresinas.com.br\/#organization\"},\"potentialAction\":[{\"@type\":\"SearchAction\",\"target\":{\"@type\":\"EntryPoint\",\"urlTemplate\":\"https:\/\/loftresinas.com.br\/?s={search_term_string}\"},\"query-input\":\"required name=search_term_string\"}],\"inLanguage\":\"pt-BR\"},{\"@type\":\"Organization\",\"@id\":\"https:\/\/loftresinas.com.br\/#organization\",\"name\":\"Loft Resinas\",\"url\":\"https:\/\/loftresinas.com.br\/\",\"logo\":{\"@type\":\"ImageObject\",\"inLanguage\":\"pt-BR\",\"@id\":\"https:\/\/loftresinas.com.br\/#\/schema\/logo\/image\/\",\"url\":\"https:\/\/loftresinas.com.br\/wp-content\/uploads\/2023\/01\/cropped-cropped-logo.png\",\"contentUrl\":\"https:\/\/loftresinas.com.br\/wp-content\/uploads\/2023\/01\/cropped-cropped-logo.png\",\"width\":512,\"height\":512,\"caption\":\"Loft Resinas\"},\"image\":{\"@id\":\"https:\/\/loftresinas.com.br\/#\/schema\/logo\/image\/\"}}]}<\/script>\n<!-- \/ Yoast SEO plugin. -->","yoast_head_json":{"title":"Chaveiro de Resina Letra H com Tessel Rosa - Loft Resinas","robots":{"index":"index","follow":"follow","max-snippet":"max-snippet:-1","max-image-preview":"max-image-preview:large","max-video-preview":"max-video-preview:-1"},"canonical":"https:\/\/loftresinas.com.br\/?product=chaveiro-letra-h-com-tessel-rosa","og_locale":"pt_BR","og_type":"article","og_title":"Chaveiro de Resina Letra H com Tessel Rosa - Loft Resinas","og_description":"Lindo chaveiro letra de Resina Ep\u00f3xi com detalhes em gliter com flores, acompanha corrente dourada e tessel rosa de 7 cm. Perfeito para decorar bolsas, chaveiros e demais acess\u00f3rios. Case deseje personalizar chama um de nossos vendedores no WhatsApp para informar quais caracter\u00edsticas deve ter a sua pe\u00e7a. Abaixo o que voc\u00ea pode personalizar: Cor [&hellip;]","og_url":"https:\/\/loftresinas.com.br\/?product=chaveiro-letra-h-com-tessel-rosa","og_site_name":"Loft Resinas","article_modified_time":"2023-01-27T01:04:42+00:00","og_image":[{"width":1760,"height":1708,"url":"https:\/\/loftresinas.com.br\/wp-content\/uploads\/2023\/01\/H0-scaled-e1674776550321.jpg","type":"image\/jpeg"}],"twitter_card":"summary_large_image","twitter_misc":{"Est. tempo de leitura":"1 minuto"},"schema":{"@context":"https:\/\/schema.org","@graph":[{"@type":"WebPage","@id":"https:\/\/loftresinas.com.br\/?product=chaveiro-letra-h-com-tessel-rosa","url":"https:\/\/loftresinas.com.br\/?product=chaveiro-letra-h-com-tessel-rosa","name":"Chaveiro de Resina Letra H com Tessel Rosa - Loft Resinas","isPartOf":{"@id":"https:\/\/loftresinas.com.br\/#website"},"datePublished":"2023-01-26T23:39:06+00:00","dateModified":"2023-01-27T01:04:42+00:00","breadcrumb":{"@id":"https:\/\/loftresinas.com.br\/?product=chaveiro-letra-h-com-tessel-rosa#breadcrumb"},"inLanguage":"pt-BR","potentialAction":[{"@type":"ReadAction","target":["https:\/\/loftresinas.com.br\/?product=chaveiro-letra-h-com-tessel-rosa"]}]},{"@type":"BreadcrumbList","@id":"https:\/\/loftresinas.com.br\/?product=chaveiro-letra-h-com-tessel-rosa#breadcrumb","itemListElement":[{"@type":"ListItem","position":1,"name":"In\u00edcio","item":"https:\/\/loftresinas.com.br\/"},{"@type":"ListItem","position":2,"name":"Loja","item":"https:\/\/loftresinas.com.br\/"},{"@type":"ListItem","position":3,"name":"Chaveiro de Resina Letra H com Tessel Rosa"}]},{"@type":"WebSite","@id":"https:\/\/loftresinas.com.br\/#website","url":"https:\/\/loftresinas.com.br\/","name":"Loft Resinas","description":"Arte em Resinas","publisher":{"@id":"https:\/\/loftresinas.com.br\/#organization"},"potentialAction":[{"@type":"SearchAction","target":{"@type":"EntryPoint","urlTemplate":"https:\/\/loftresinas.com.br\/?s={search_term_string}"},"query-input":"required name=search_term_string"}],"inLanguage":"pt-BR"},{"@type":"Organization","@id":"https:\/\/loftresinas.com.br\/#organization","name":"Loft Resinas","url":"https:\/\/loftresinas.com.br\/","logo":{"@type":"ImageObject","inLanguage":"pt-BR","@id":"https:\/\/loftresinas.com.br\/#\/schema\/logo\/image\/","url":"https:\/\/loftresinas.com.br\/wp-content\/uploads\/2023\/01\/cropped-cropped-logo.png","contentUrl":"https:\/\/loftresinas.com.br\/wp-content\/uploads\/2023\/01\/cropped-cropped-logo.png","width":512,"height":512,"caption":"Loft Resinas"},"image":{"@id":"https:\/\/loftresinas.com.br\/#\/schema\/logo\/image\/"}}]}},"_links":{"self":[{"href":"https:\/\/loftresinas.com.br\/index.php?rest_route=\/wp\/v2\/product\/70","targetHints":{"allow":["GET"]}}],"collection":[{"href":"https:\/\/loftresinas.com.br\/index.php?rest_route=\/wp\/v2\/product"}],"about":[{"href":"https:\/\/loftresinas.com.br\/index.php?rest_route=\/wp\/v2\/types\/product"}],"replies":[{"embeddable":true,"href":"https:\/\/loftresinas.com.br\/index.php?rest_route=%2Fwp%2Fv2%2Fcomments&post=70"}],"version-history":[{"count":7,"href":"https:\/\/loftresinas.com.br\/index.php?rest_route=\/wp\/v2\/product\/70\/revisions"}],"predecessor-version":[{"id":71,"href":"https:\/\/loftresinas.com.br\/index.php?rest_route=\/wp\/v2\/product\/70\/revisions\/71"}],"wp:featuredmedia":[{"embeddable":true,"href":"https:\/\/loftresinas.com.br\/index.php?rest_route=\/wp\/v2\/media\/72"}],"wp:attachment":[{"href":"https:\/\/loftresinas.com.br\/index.php?rest_route=%2Fwp%2Fv2%2Fmedia&parent=70"}],"wp:term":[{"taxonomy":"product_cat","embeddable":true,"href":"https:\/\/loftresinas.com.br\/index.php?rest_route=%2Fwp%2Fv2%2Fproduct_cat&post=70"},{"taxonomy":"product_tag","embeddable":true,"href":"https:\/\/loftresinas.com.br\/index.php?rest_route=%2Fwp%2Fv2%2Fproduct_tag&post=70"}],"curies":[{"name":"wp","href":"https:\/\/api.w.org\/{rel}","templated":true}]}}